{"id":394,"date":"2025-10-28T16:13:29","date_gmt":"2025-10-28T15:13:29","guid":{"rendered":"http:\/\/goepplmay.de\/?page_id=394"},"modified":"2025-10-28T17:11:42","modified_gmt":"2025-10-28T16:11:42","slug":"rohbauarbeiten","status":"publish","type":"page","link":"https:\/\/goepplmay.de\/index.php\/rohbauarbeiten\/","title":{"rendered":"Rohbauarbeiten"},"content":{"rendered":"\t\t<div data-elementor-type=\"wp-page\" data-elementor-id=\"394\" class=\"elementor elementor-394\">\n\t\t\t\t\t\t<section class=\"elementor-section elementor-top-section elementor-element elementor-element-5226caf elementor-section-boxed elementor-section-height-default elementor-section-height-default\" data-id=\"5226caf\" data-element_type=\"section\" data-e-type=\"section\">\n\t\t\t\t\t\t<div class=\"elementor-container elementor-column-gap-default\">\n\t\t\t\t\t<div class=\"elementor-column elementor-col-33 elementor-top-column elementor-element elementor-element-6fc62ff\" data-id=\"6fc62ff\" data-element_type=\"column\" data-e-type=\"column\">\n\t\t\t<div class=\"elementor-widget-wrap elementor-element-populated\">\n\t\t\t\t\t\t<div class=\"elementor-element elementor-element-9c853db elementor-widget elementor-widget-text-editor\" data-id=\"9c853db\" data-element_type=\"widget\" data-e-type=\"widget\" data-widget_type=\"text-editor.default\">\n\t\t\t\t<div class=\"elementor-widget-container\">\n\t\t\t\t\t\t\t\t\t<p><strong>Rohbauarbeiten<\/strong><\/p><p>Ob kleine Betonier- und Maurerarbeiten oder eine neue Bodenplatte f\u00fcr Ihren Anbau &#8211; g\u00f6pplmay errichtet es!<\/p>\t\t\t\t\t\t\t\t<\/div>\n\t\t\t\t<\/div>\n\t\t\t\t\t<\/div>\n\t\t<\/div>\n\t\t\t\t<div class=\"elementor-column elementor-col-66 elementor-top-column elementor-element elementor-element-a21e2a1\" data-id=\"a21e2a1\" data-element_type=\"column\" data-e-type=\"column\">\n\t\t\t<div class=\"elementor-widget-wrap elementor-element-populated\">\n\t\t\t\t\t\t<div class=\"elementor-element elementor-element-2d503fa elementor-widget elementor-widget-image\" data-id=\"2d503fa\" data-element_type=\"widget\" data-e-type=\"widget\" data-widget_type=\"image.default\">\n\t\t\t\t<div class=\"elementor-widget-container\">\n\t\t\t\t\t\t\t\t\t\t\t\t\t\t\t<img fetchpriority=\"high\" decoding=\"async\" width=\"1024\" height=\"576\" src=\"http:\/\/goepplmay.de\/wp-content\/uploads\/2022\/09\/20191125_171437-1024x576.jpg\" class=\"attachment-large size-large wp-image-230\" alt=\"\" srcset=\"http:\/\/goepplmay.de\/wp-content\/uploads\/2022\/09\/20191125_171437-1024x576.jpg 1024w, http:\/\/goepplmay.de\/wp-content\/uploads\/2022\/09\/20191125_171437-300x169.jpg 300w, http:\/\/goepplmay.de\/wp-content\/uploads\/2022\/09\/20191125_171437-768x432.jpg 768w, http:\/\/goepplmay.de\/wp-content\/uploads\/2022\/09\/20191125_171437-1536x864.jpg 1536w, http:\/\/goepplmay.de\/wp-content\/uploads\/2022\/09\/20191125_171437-2048x1152.jpg 2048w\" sizes=\"(max-width: 1024px) 100vw, 1024px\" \/>\t\t\t\t\t\t\t\t\t\t\t\t\t\t\t<\/div>\n\t\t\t\t<\/div>\n\t\t\t\t\t<\/div>\n\t\t<\/div>\n\t\t\t\t\t<\/div>\n\t\t<\/section>\n\t\t\t\t<section class=\"elementor-section elementor-top-section elementor-element elementor-element-ddf1c88 elementor-section-boxed elementor-section-height-default elementor-section-height-default\" data-id=\"ddf1c88\" data-element_type=\"section\" data-e-type=\"section\">\n\t\t\t\t\t\t<div class=\"elementor-container elementor-column-gap-default\">\n\t\t\t\t\t<div class=\"elementor-column elementor-col-25 elementor-top-column elementor-element elementor-element-c6e5875\" data-id=\"c6e5875\" data-element_type=\"column\" data-e-type=\"column\">\n\t\t\t<div class=\"elementor-widget-wrap elementor-element-populated\">\n\t\t\t\t\t\t<div class=\"elementor-element elementor-element-e1c3435 elementor-widget elementor-widget-image\" data-id=\"e1c3435\" data-element_type=\"widget\" data-e-type=\"widget\" data-widget_type=\"image.default\">\n\t\t\t\t<div class=\"elementor-widget-container\">\n\t\t\t\t\t\t\t\t\t\t\t\t\t\t\t<img decoding=\"async\" width=\"1024\" height=\"768\" src=\"http:\/\/goepplmay.de\/wp-content\/uploads\/2025\/10\/IMG_20210323_110907-1024x768.jpg\" class=\"attachment-large size-large wp-image-416\" alt=\"\" srcset=\"http:\/\/goepplmay.de\/wp-content\/uploads\/2025\/10\/IMG_20210323_110907-1024x768.jpg 1024w, http:\/\/goepplmay.de\/wp-content\/uploads\/2025\/10\/IMG_20210323_110907-300x225.jpg 300w, http:\/\/goepplmay.de\/wp-content\/uploads\/2025\/10\/IMG_20210323_110907-768x576.jpg 768w, http:\/\/goepplmay.de\/wp-content\/uploads\/2025\/10\/IMG_20210323_110907-1536x1152.jpg 1536w, http:\/\/goepplmay.de\/wp-content\/uploads\/2025\/10\/IMG_20210323_110907-2048x1536.jpg 2048w\" sizes=\"(max-width: 1024px) 100vw, 1024px\" \/>\t\t\t\t\t\t\t\t\t\t\t\t\t\t\t<\/div>\n\t\t\t\t<\/div>\n\t\t\t\t\t<\/div>\n\t\t<\/div>\n\t\t\t\t<div class=\"elementor-column elementor-col-25 elementor-top-column elementor-element elementor-element-0c986d8\" data-id=\"0c986d8\" data-element_type=\"column\" data-e-type=\"column\">\n\t\t\t<div class=\"elementor-widget-wrap elementor-element-populated\">\n\t\t\t\t\t\t<div class=\"elementor-element elementor-element-df3d1ec elementor-widget elementor-widget-image\" data-id=\"df3d1ec\" data-element_type=\"widget\" data-e-type=\"widget\" data-widget_type=\"image.default\">\n\t\t\t\t<div class=\"elementor-widget-container\">\n\t\t\t\t\t\t\t\t\t\t\t\t<figure class=\"wp-caption\">\n\t\t\t\t\t\t\t\t\t\t<img decoding=\"async\" width=\"2560\" height=\"1920\" src=\"http:\/\/goepplmay.de\/wp-content\/uploads\/2025\/10\/IMG_20210325_172900-scaled.jpg\" class=\"attachment-full size-full wp-image-407\" alt=\"\" srcset=\"http:\/\/goepplmay.de\/wp-content\/uploads\/2025\/10\/IMG_20210325_172900-scaled.jpg 2560w, http:\/\/goepplmay.de\/wp-content\/uploads\/2025\/10\/IMG_20210325_172900-300x225.jpg 300w, http:\/\/goepplmay.de\/wp-content\/uploads\/2025\/10\/IMG_20210325_172900-1024x768.jpg 1024w, http:\/\/goepplmay.de\/wp-content\/uploads\/2025\/10\/IMG_20210325_172900-768x576.jpg 768w, http:\/\/goepplmay.de\/wp-content\/uploads\/2025\/10\/IMG_20210325_172900-1536x1152.jpg 1536w, http:\/\/goepplmay.de\/wp-content\/uploads\/2025\/10\/IMG_20210325_172900-2048x1536.jpg 2048w\" sizes=\"(max-width: 2560px) 100vw, 2560px\" \/>\t\t\t\t\t\t\t\t\t\t\t<figcaption class=\"widget-image-caption wp-caption-text\"><\/figcaption>\n\t\t\t\t\t\t\t\t\t\t<\/figure>\n\t\t\t\t\t\t\t\t\t<\/div>\n\t\t\t\t<\/div>\n\t\t\t\t\t<\/div>\n\t\t<\/div>\n\t\t\t\t<div class=\"elementor-column elementor-col-25 elementor-top-column elementor-element elementor-element-782c93b\" data-id=\"782c93b\" data-element_type=\"column\" data-e-type=\"column\">\n\t\t\t<div class=\"elementor-widget-wrap elementor-element-populated\">\n\t\t\t\t\t\t<div class=\"elementor-element elementor-element-2f6e3b6 elementor-widget elementor-widget-image\" data-id=\"2f6e3b6\" data-element_type=\"widget\" data-e-type=\"widget\" data-widget_type=\"image.default\">\n\t\t\t\t<div class=\"elementor-widget-container\">\n\t\t\t\t\t\t\t\t\t\t\t\t<figure class=\"wp-caption\">\n\t\t\t\t\t\t\t\t\t\t<img loading=\"lazy\" decoding=\"async\" width=\"768\" height=\"576\" src=\"http:\/\/goepplmay.de\/wp-content\/uploads\/2025\/10\/IMG_20210329_151645-768x576.jpg\" class=\"attachment-medium_large size-medium_large wp-image-412\" alt=\"\" srcset=\"http:\/\/goepplmay.de\/wp-content\/uploads\/2025\/10\/IMG_20210329_151645-768x576.jpg 768w, http:\/\/goepplmay.de\/wp-content\/uploads\/2025\/10\/IMG_20210329_151645-300x225.jpg 300w, http:\/\/goepplmay.de\/wp-content\/uploads\/2025\/10\/IMG_20210329_151645-1024x768.jpg 1024w, http:\/\/goepplmay.de\/wp-content\/uploads\/2025\/10\/IMG_20210329_151645-1536x1152.jpg 1536w, http:\/\/goepplmay.de\/wp-content\/uploads\/2025\/10\/IMG_20210329_151645-2048x1536.jpg 2048w\" sizes=\"(max-width: 768px) 100vw, 768px\" \/>\t\t\t\t\t\t\t\t\t\t\t<figcaption class=\"widget-image-caption wp-caption-text\"><\/figcaption>\n\t\t\t\t\t\t\t\t\t\t<\/figure>\n\t\t\t\t\t\t\t\t\t<\/div>\n\t\t\t\t<\/div>\n\t\t\t\t\t<\/div>\n\t\t<\/div>\n\t\t\t\t<div class=\"elementor-column elementor-col-25 elementor-top-column elementor-element elementor-element-b3ced72\" data-id=\"b3ced72\" data-element_type=\"column\" data-e-type=\"column\">\n\t\t\t<div class=\"elementor-widget-wrap elementor-element-populated\">\n\t\t\t\t\t\t<div class=\"elementor-element elementor-element-0b59ac3 elementor-widget elementor-widget-image\" data-id=\"0b59ac3\" data-element_type=\"widget\" data-e-type=\"widget\" data-widget_type=\"image.default\">\n\t\t\t\t<div class=\"elementor-widget-container\">\n\t\t\t\t\t\t\t\t\t\t\t\t<figure class=\"wp-caption\">\n\t\t\t\t\t\t\t\t\t\t<img loading=\"lazy\" decoding=\"async\" width=\"1024\" height=\"768\" src=\"http:\/\/goepplmay.de\/wp-content\/uploads\/2025\/10\/IMG_20210403_151533-1024x768.jpg\" class=\"attachment-large size-large wp-image-410\" alt=\"\" srcset=\"http:\/\/goepplmay.de\/wp-content\/uploads\/2025\/10\/IMG_20210403_151533-1024x768.jpg 1024w, http:\/\/goepplmay.de\/wp-content\/uploads\/2025\/10\/IMG_20210403_151533-300x225.jpg 300w, http:\/\/goepplmay.de\/wp-content\/uploads\/2025\/10\/IMG_20210403_151533-768x576.jpg 768w, http:\/\/goepplmay.de\/wp-content\/uploads\/2025\/10\/IMG_20210403_151533-1536x1152.jpg 1536w, http:\/\/goepplmay.de\/wp-content\/uploads\/2025\/10\/IMG_20210403_151533-2048x1536.jpg 2048w\" sizes=\"(max-width: 1024px) 100vw, 1024px\" \/>\t\t\t\t\t\t\t\t\t\t\t<figcaption class=\"widget-image-caption wp-caption-text\"><\/figcaption>\n\t\t\t\t\t\t\t\t\t\t<\/figure>\n\t\t\t\t\t\t\t\t\t<\/div>\n\t\t\t\t<\/div>\n\t\t\t\t\t<\/div>\n\t\t<\/div>\n\t\t\t\t\t<\/div>\n\t\t<\/section>\n\t\t\t\t<section class=\"elementor-section elementor-top-section elementor-element elementor-element-5a39e3c elementor-section-boxed elementor-section-height-default elementor-section-height-default\" data-id=\"5a39e3c\" data-element_type=\"section\" data-e-type=\"section\">\n\t\t\t\t\t\t<div class=\"elementor-container elementor-column-gap-default\">\n\t\t\t\t\t<div class=\"elementor-column elementor-col-25 elementor-top-column elementor-element elementor-element-81f8f89\" data-id=\"81f8f89\" data-element_type=\"column\" data-e-type=\"column\">\n\t\t\t<div class=\"elementor-widget-wrap elementor-element-populated\">\n\t\t\t\t\t\t<div class=\"elementor-element elementor-element-c81a282 elementor-widget elementor-widget-image\" data-id=\"c81a282\" data-element_type=\"widget\" data-e-type=\"widget\" data-widget_type=\"image.default\">\n\t\t\t\t<div class=\"elementor-widget-container\">\n\t\t\t\t\t\t\t\t\t\t\t\t\t\t\t<img loading=\"lazy\" decoding=\"async\" width=\"750\" height=\"1000\" src=\"http:\/\/goepplmay.de\/wp-content\/uploads\/2025\/10\/01-klein-rotated.jpg\" class=\"attachment-large size-large wp-image-424\" alt=\"\" srcset=\"http:\/\/goepplmay.de\/wp-content\/uploads\/2025\/10\/01-klein-rotated.jpg 750w, http:\/\/goepplmay.de\/wp-content\/uploads\/2025\/10\/01-klein-225x300.jpg 225w\" sizes=\"(max-width: 750px) 100vw, 750px\" \/>\t\t\t\t\t\t\t\t\t\t\t\t\t\t\t<\/div>\n\t\t\t\t<\/div>\n\t\t\t\t\t<\/div>\n\t\t<\/div>\n\t\t\t\t<div class=\"elementor-column elementor-col-25 elementor-top-column elementor-element elementor-element-72afa2a\" data-id=\"72afa2a\" data-element_type=\"column\" data-e-type=\"column\">\n\t\t\t<div class=\"elementor-widget-wrap elementor-element-populated\">\n\t\t\t\t\t\t<div class=\"elementor-element elementor-element-625d9e9 elementor-widget elementor-widget-image\" data-id=\"625d9e9\" data-element_type=\"widget\" data-e-type=\"widget\" data-widget_type=\"image.default\">\n\t\t\t\t<div class=\"elementor-widget-container\">\n\t\t\t\t\t\t\t\t\t\t\t\t\t\t\t<img loading=\"lazy\" decoding=\"async\" width=\"750\" height=\"1000\" src=\"http:\/\/goepplmay.de\/wp-content\/uploads\/2025\/10\/02-klein-geschnitten.jpg\" class=\"attachment-large size-large wp-image-428\" alt=\"\" srcset=\"http:\/\/goepplmay.de\/wp-content\/uploads\/2025\/10\/02-klein-geschnitten.jpg 750w, http:\/\/goepplmay.de\/wp-content\/uploads\/2025\/10\/02-klein-geschnitten-225x300.jpg 225w\" sizes=\"(max-width: 750px) 100vw, 750px\" \/>\t\t\t\t\t\t\t\t\t\t\t\t\t\t\t<\/div>\n\t\t\t\t<\/div>\n\t\t\t\t\t<\/div>\n\t\t<\/div>\n\t\t\t\t<div class=\"elementor-column elementor-col-25 elementor-top-column elementor-element elementor-element-e64ec67\" data-id=\"e64ec67\" data-element_type=\"column\" data-e-type=\"column\">\n\t\t\t<div class=\"elementor-widget-wrap elementor-element-populated\">\n\t\t\t\t\t\t<div class=\"elementor-element elementor-element-5c98fcb elementor-widget elementor-widget-image\" data-id=\"5c98fcb\" data-element_type=\"widget\" data-e-type=\"widget\" data-widget_type=\"image.default\">\n\t\t\t\t<div class=\"elementor-widget-container\">\n\t\t\t\t\t\t\t\t\t\t\t\t\t\t\t<img loading=\"lazy\" decoding=\"async\" width=\"768\" height=\"1024\" src=\"http:\/\/goepplmay.de\/wp-content\/uploads\/2025\/10\/IMG-20220211-WA0009-768x1024.jpg\" class=\"attachment-large size-large wp-image-421\" alt=\"\" srcset=\"http:\/\/goepplmay.de\/wp-content\/uploads\/2025\/10\/IMG-20220211-WA0009-768x1024.jpg 768w, http:\/\/goepplmay.de\/wp-content\/uploads\/2025\/10\/IMG-20220211-WA0009-225x300.jpg 225w, http:\/\/goepplmay.de\/wp-content\/uploads\/2025\/10\/IMG-20220211-WA0009-1152x1536.jpg 1152w, http:\/\/goepplmay.de\/wp-content\/uploads\/2025\/10\/IMG-20220211-WA0009.jpg 1200w\" sizes=\"(max-width: 768px) 100vw, 768px\" \/>\t\t\t\t\t\t\t\t\t\t\t\t\t\t\t<\/div>\n\t\t\t\t<\/div>\n\t\t\t\t\t<\/div>\n\t\t<\/div>\n\t\t\t\t<div class=\"elementor-column elementor-col-25 elementor-top-column elementor-element elementor-element-138094c\" data-id=\"138094c\" data-element_type=\"column\" data-e-type=\"column\">\n\t\t\t<div class=\"elementor-widget-wrap elementor-element-populated\">\n\t\t\t\t\t\t<div class=\"elementor-element elementor-element-f18747b elementor-widget elementor-widget-image\" data-id=\"f18747b\" data-element_type=\"widget\" data-e-type=\"widget\" data-widget_type=\"image.default\">\n\t\t\t\t<div class=\"elementor-widget-container\">\n\t\t\t\t\t\t\t\t\t\t\t\t\t\t\t<img loading=\"lazy\" decoding=\"async\" width=\"750\" height=\"1000\" src=\"http:\/\/goepplmay.de\/wp-content\/uploads\/2025\/10\/03-klein.jpg\" class=\"attachment-large size-large wp-image-426\" alt=\"\" srcset=\"http:\/\/goepplmay.de\/wp-content\/uploads\/2025\/10\/03-klein.jpg 750w, http:\/\/goepplmay.de\/wp-content\/uploads\/2025\/10\/03-klein-225x300.jpg 225w\" sizes=\"(max-width: 750px) 100vw, 750px\" \/>\t\t\t\t\t\t\t\t\t\t\t\t\t\t\t<\/div>\n\t\t\t\t<\/div>\n\t\t\t\t\t<\/div>\n\t\t<\/div>\n\t\t\t\t\t<\/div>\n\t\t<\/section>\n\t\t\t\t<section class=\"elementor-section elementor-top-section elementor-element elementor-element-8046f5d elementor-section-boxed elementor-section-height-default elementor-section-height-default\" data-id=\"8046f5d\" data-element_type=\"section\" data-e-type=\"section\">\n\t\t\t\t\t\t<div class=\"elementor-container elementor-column-gap-default\">\n\t\t\t\t\t<div class=\"elementor-column elementor-col-100 elementor-top-column elementor-element elementor-element-1d94601\" data-id=\"1d94601\" data-element_type=\"column\" data-e-type=\"column\">\n\t\t\t<div class=\"elementor-widget-wrap\">\n\t\t\t\t\t\t\t<\/div>\n\t\t<\/div>\n\t\t\t\t\t<\/div>\n\t\t<\/section>\n\t\t\t\t<\/div>\n\t\t","protected":false},"excerpt":{"rendered":"<p>Rohbauarbeiten Ob kleine Betonier- und Maurerarbeiten oder eine neue Bodenplatte f\u00fcr Ihren Anbau &#8211; g\u00f6pplmay errichtet es!<\/p>\n","protected":false},"author":2,"featured_media":0,"parent":0,"menu_order":0,"comment_status":"closed","ping_status":"closed","template":"","meta":{"ocean_post_layout":"","ocean_both_sidebars_style":"","ocean_both_sidebars_content_width":0,"ocean_both_sidebars_sidebars_width":0,"ocean_sidebar":"0","ocean_second_sidebar":"0","ocean_disable_margins":"enable","ocean_add_body_class":"","ocean_shortcode_before_top_bar":"","ocean_shortcode_after_top_bar":"","ocean_shortcode_before_header":"","ocean_shortcode_after_header":"","ocean_has_shortcode":"","ocean_shortcode_after_title":"","ocean_shortcode_before_footer_widgets":"","ocean_shortcode_after_footer_widgets":"","ocean_shortcode_before_footer_bottom":"","ocean_shortcode_after_footer_bottom":"","ocean_display_top_bar":"default","ocean_display_header":"default","ocean_header_style":"","ocean_center_header_left_menu":"0","ocean_custom_header_template":"0","ocean_custom_logo":0,"ocean_custom_retina_logo":0,"ocean_custom_logo_max_width":0,"ocean_custom_logo_tablet_max_width":0,"ocean_custom_logo_mobile_max_width":0,"ocean_custom_logo_max_height":0,"ocean_custom_logo_tablet_max_height":0,"ocean_custom_logo_mobile_max_height":0,"ocean_header_custom_menu":"0","ocean_menu_typo_font_family":"0","ocean_menu_typo_font_subset":"","ocean_menu_typo_font_size":0,"ocean_menu_typo_font_size_tablet":0,"ocean_menu_typo_font_size_mobile":0,"ocean_menu_typo_font_size_unit":"px","ocean_menu_typo_font_weight":"","ocean_menu_typo_font_weight_tablet":"","ocean_menu_typo_font_weight_mobile":"","ocean_menu_typo_transform":"","ocean_menu_typo_transform_tablet":"","ocean_menu_typo_transform_mobile":"","ocean_menu_typo_line_height":0,"ocean_menu_typo_line_height_tablet":0,"ocean_menu_typo_line_height_mobile":0,"ocean_menu_typo_line_height_unit":"","ocean_menu_typo_spacing":0,"ocean_menu_typo_spacing_tablet":0,"ocean_menu_typo_spacing_mobile":0,"ocean_menu_typo_spacing_unit":"","ocean_menu_link_color":"","ocean_menu_link_color_hover":"","ocean_menu_link_color_active":"","ocean_menu_link_background":"","ocean_menu_link_hover_background":"","ocean_menu_link_active_background":"","ocean_menu_social_links_bg":"","ocean_menu_social_hover_links_bg":"","ocean_menu_social_links_color":"","ocean_menu_social_hover_links_color":"","ocean_disable_title":"default","ocean_disable_heading":"default","ocean_post_title":"","ocean_post_subheading":"","ocean_post_title_style":"","ocean_post_title_background_color":"","ocean_post_title_background":0,"ocean_post_title_bg_image_position":"","ocean_post_title_bg_image_attachment":"","ocean_post_title_bg_image_repeat":"","ocean_post_title_bg_image_size":"","ocean_post_title_height":0,"ocean_post_title_bg_overlay":0.5,"ocean_post_title_bg_overlay_color":"","ocean_disable_breadcrumbs":"default","ocean_breadcrumbs_color":"","ocean_breadcrumbs_separator_color":"","ocean_breadcrumbs_links_color":"","ocean_breadcrumbs_links_hover_color":"","ocean_display_footer_widgets":"default","ocean_display_footer_bottom":"default","ocean_custom_footer_template":"0","footnotes":""},"class_list":["post-394","page","type-page","status-publish","hentry","entry"],"yoast_head":"<!-- This site is optimized with the Yoast SEO plugin v26.2 - https:\/\/yoast.com\/wordpress\/plugins\/seo\/ -->\n<title>Rohbauarbeiten f\u00fcr Ihr n\u00e4chstes Bauprojekt - G\u00f6ppl &amp; May<\/title>\n<meta name=\"description\" content=\"Von kleinen Betonierarbeiten und Maurerarbeiten bis hin zur neuen Bodenplatte f\u00fcr Ihren Anbau - g\u00f6pplmay stellt`s her!\" \/>\n<meta name=\"robots\" content=\"noindex, follow, max-snippet:-1, max-image-preview:large, max-video-preview:-1\" \/>\n<meta property=\"og:locale\" content=\"de_DE\" \/>\n<meta property=\"og:type\" content=\"article\" \/>\n<meta property=\"og:title\" content=\"Rohbauarbeiten f\u00fcr Ihr n\u00e4chstes Bauprojekt - G\u00f6ppl &amp; May\" \/>\n<meta property=\"og:description\" content=\"Von kleinen Betonierarbeiten und Maurerarbeiten bis hin zur neuen Bodenplatte f\u00fcr Ihren Anbau - g\u00f6pplmay stellt`s her!\" \/>\n<meta property=\"og:url\" content=\"http:\/\/goepplmay.de\/index.php\/rohbauarbeiten\/\" \/>\n<meta property=\"og:site_name\" content=\"G\u00f6ppl &amp; May\" \/>\n<meta property=\"article:modified_time\" content=\"2025-10-28T16:11:42+00:00\" \/>\n<meta property=\"og:image\" content=\"http:\/\/goepplmay.de\/wp-content\/uploads\/2022\/09\/20191125_171437-1024x576.jpg\" \/>\n<meta name=\"twitter:card\" content=\"summary_large_image\" \/>\n<meta name=\"twitter:label1\" content=\"Gesch\u00e4tzte Lesezeit\" \/>\n\t<meta name=\"twitter:data1\" content=\"2\u00a0Minuten\" \/>\n<script type=\"application\/ld+json\" class=\"yoast-schema-graph\">{\"@context\":\"https:\/\/schema.org\",\"@graph\":[{\"@type\":\"WebPage\",\"@id\":\"http:\/\/goepplmay.de\/index.php\/rohbauarbeiten\/\",\"url\":\"http:\/\/goepplmay.de\/index.php\/rohbauarbeiten\/\",\"name\":\"Rohbauarbeiten f\u00fcr Ihr n\u00e4chstes Bauprojekt - G\u00f6ppl &amp; May\",\"isPartOf\":{\"@id\":\"http:\/\/goepplmay.de\/#website\"},\"primaryImageOfPage\":{\"@id\":\"http:\/\/goepplmay.de\/index.php\/rohbauarbeiten\/#primaryimage\"},\"image\":{\"@id\":\"http:\/\/goepplmay.de\/index.php\/rohbauarbeiten\/#primaryimage\"},\"thumbnailUrl\":\"http:\/\/goepplmay.de\/wp-content\/uploads\/2022\/09\/20191125_171437-1024x576.jpg\",\"datePublished\":\"2025-10-28T15:13:29+00:00\",\"dateModified\":\"2025-10-28T16:11:42+00:00\",\"description\":\"Von kleinen Betonierarbeiten und Maurerarbeiten bis hin zur neuen Bodenplatte f\u00fcr Ihren Anbau - g\u00f6pplmay stellt`s her!\",\"breadcrumb\":{\"@id\":\"http:\/\/goepplmay.de\/index.php\/rohbauarbeiten\/#breadcrumb\"},\"inLanguage\":\"de\",\"potentialAction\":[{\"@type\":\"ReadAction\",\"target\":[\"http:\/\/goepplmay.de\/index.php\/rohbauarbeiten\/\"]}]},{\"@type\":\"ImageObject\",\"inLanguage\":\"de\",\"@id\":\"http:\/\/goepplmay.de\/index.php\/rohbauarbeiten\/#primaryimage\",\"url\":\"https:\/\/goepplmay.de\/wp-content\/uploads\/2022\/09\/20191125_171437-scaled.jpg\",\"contentUrl\":\"https:\/\/goepplmay.de\/wp-content\/uploads\/2022\/09\/20191125_171437-scaled.jpg\",\"width\":2560,\"height\":1440},{\"@type\":\"BreadcrumbList\",\"@id\":\"http:\/\/goepplmay.de\/index.php\/rohbauarbeiten\/#breadcrumb\",\"itemListElement\":[{\"@type\":\"ListItem\",\"position\":1,\"name\":\"Startseite\",\"item\":\"http:\/\/goepplmay.de\/\"},{\"@type\":\"ListItem\",\"position\":2,\"name\":\"Rohbauarbeiten\"}]},{\"@type\":\"WebSite\",\"@id\":\"http:\/\/goepplmay.de\/#website\",\"url\":\"http:\/\/goepplmay.de\/\",\"name\":\"G\u00f6ppl &amp; May\",\"description\":\"\",\"publisher\":{\"@id\":\"http:\/\/goepplmay.de\/#organization\"},\"inLanguage\":\"de\"},{\"@type\":\"Organization\",\"@id\":\"http:\/\/goepplmay.de\/#organization\",\"name\":\"G\u00f6ppl &amp; May\",\"url\":\"http:\/\/goepplmay.de\/\",\"logo\":{\"@type\":\"ImageObject\",\"inLanguage\":\"de\",\"@id\":\"http:\/\/goepplmay.de\/#\/schema\/logo\/image\/\",\"url\":\"https:\/\/goepplmay.de\/wp-content\/uploads\/2020\/07\/cropped-Logo-ohne-1.png\",\"contentUrl\":\"https:\/\/goepplmay.de\/wp-content\/uploads\/2020\/07\/cropped-Logo-ohne-1.png\",\"width\":145,\"height\":46,\"caption\":\"G\u00f6ppl &amp; May\"},\"image\":{\"@id\":\"http:\/\/goepplmay.de\/#\/schema\/logo\/image\/\"}}]}<\/script>\n<!-- \/ Yoast SEO plugin. -->","yoast_head_json":{"title":"Rohbauarbeiten f\u00fcr Ihr n\u00e4chstes Bauprojekt - G\u00f6ppl &amp; May","description":"Von kleinen Betonierarbeiten und Maurerarbeiten bis hin zur neuen Bodenplatte f\u00fcr Ihren Anbau - g\u00f6pplmay stellt`s her!","robots":{"index":"noindex","follow":"follow","max-snippet":"max-snippet:-1","max-image-preview":"max-image-preview:large","max-video-preview":"max-video-preview:-1"},"og_locale":"de_DE","og_type":"article","og_title":"Rohbauarbeiten f\u00fcr Ihr n\u00e4chstes Bauprojekt - G\u00f6ppl &amp; May","og_description":"Von kleinen Betonierarbeiten und Maurerarbeiten bis hin zur neuen Bodenplatte f\u00fcr Ihren Anbau - g\u00f6pplmay stellt`s her!","og_url":"http:\/\/goepplmay.de\/index.php\/rohbauarbeiten\/","og_site_name":"G\u00f6ppl &amp; May","article_modified_time":"2025-10-28T16:11:42+00:00","og_image":[{"url":"http:\/\/goepplmay.de\/wp-content\/uploads\/2022\/09\/20191125_171437-1024x576.jpg","type":"","width":"","height":""}],"twitter_card":"summary_large_image","twitter_misc":{"Gesch\u00e4tzte Lesezeit":"2\u00a0Minuten"},"schema":{"@context":"https:\/\/schema.org","@graph":[{"@type":"WebPage","@id":"http:\/\/goepplmay.de\/index.php\/rohbauarbeiten\/","url":"http:\/\/goepplmay.de\/index.php\/rohbauarbeiten\/","name":"Rohbauarbeiten f\u00fcr Ihr n\u00e4chstes Bauprojekt - G\u00f6ppl &amp; May","isPartOf":{"@id":"http:\/\/goepplmay.de\/#website"},"primaryImageOfPage":{"@id":"http:\/\/goepplmay.de\/index.php\/rohbauarbeiten\/#primaryimage"},"image":{"@id":"http:\/\/goepplmay.de\/index.php\/rohbauarbeiten\/#primaryimage"},"thumbnailUrl":"http:\/\/goepplmay.de\/wp-content\/uploads\/2022\/09\/20191125_171437-1024x576.jpg","datePublished":"2025-10-28T15:13:29+00:00","dateModified":"2025-10-28T16:11:42+00:00","description":"Von kleinen Betonierarbeiten und Maurerarbeiten bis hin zur neuen Bodenplatte f\u00fcr Ihren Anbau - g\u00f6pplmay stellt`s her!","breadcrumb":{"@id":"http:\/\/goepplmay.de\/index.php\/rohbauarbeiten\/#breadcrumb"},"inLanguage":"de","potentialAction":[{"@type":"ReadAction","target":["http:\/\/goepplmay.de\/index.php\/rohbauarbeiten\/"]}]},{"@type":"ImageObject","inLanguage":"de","@id":"http:\/\/goepplmay.de\/index.php\/rohbauarbeiten\/#primaryimage","url":"https:\/\/goepplmay.de\/wp-content\/uploads\/2022\/09\/20191125_171437-scaled.jpg","contentUrl":"https:\/\/goepplmay.de\/wp-content\/uploads\/2022\/09\/20191125_171437-scaled.jpg","width":2560,"height":1440},{"@type":"BreadcrumbList","@id":"http:\/\/goepplmay.de\/index.php\/rohbauarbeiten\/#breadcrumb","itemListElement":[{"@type":"ListItem","position":1,"name":"Startseite","item":"http:\/\/goepplmay.de\/"},{"@type":"ListItem","position":2,"name":"Rohbauarbeiten"}]},{"@type":"WebSite","@id":"http:\/\/goepplmay.de\/#website","url":"http:\/\/goepplmay.de\/","name":"G\u00f6ppl &amp; May","description":"","publisher":{"@id":"http:\/\/goepplmay.de\/#organization"},"inLanguage":"de"},{"@type":"Organization","@id":"http:\/\/goepplmay.de\/#organization","name":"G\u00f6ppl &amp; May","url":"http:\/\/goepplmay.de\/","logo":{"@type":"ImageObject","inLanguage":"de","@id":"http:\/\/goepplmay.de\/#\/schema\/logo\/image\/","url":"https:\/\/goepplmay.de\/wp-content\/uploads\/2020\/07\/cropped-Logo-ohne-1.png","contentUrl":"https:\/\/goepplmay.de\/wp-content\/uploads\/2020\/07\/cropped-Logo-ohne-1.png","width":145,"height":46,"caption":"G\u00f6ppl &amp; May"},"image":{"@id":"http:\/\/goepplmay.de\/#\/schema\/logo\/image\/"}}]}},"_links":{"self":[{"href":"https:\/\/goepplmay.de\/index.php\/wp-json\/wp\/v2\/pages\/394","targetHints":{"allow":["GET"]}}],"collection":[{"href":"https:\/\/goepplmay.de\/index.php\/wp-json\/wp\/v2\/pages"}],"about":[{"href":"https:\/\/goepplmay.de\/index.php\/wp-json\/wp\/v2\/types\/page"}],"author":[{"embeddable":true,"href":"https:\/\/goepplmay.de\/index.php\/wp-json\/wp\/v2\/users\/2"}],"replies":[{"embeddable":true,"href":"https:\/\/goepplmay.de\/index.php\/wp-json\/wp\/v2\/comments?post=394"}],"version-history":[{"count":10,"href":"https:\/\/goepplmay.de\/index.php\/wp-json\/wp\/v2\/pages\/394\/revisions"}],"predecessor-version":[{"id":431,"href":"https:\/\/goepplmay.de\/index.php\/wp-json\/wp\/v2\/pages\/394\/revisions\/431"}],"wp:attachment":[{"href":"https:\/\/goepplmay.de\/index.php\/wp-json\/wp\/v2\/media?parent=394"}],"curies":[{"name":"wp","href":"https:\/\/api.w.org\/{rel}","templated":true}]}}