{"id":369,"date":"2025-10-28T14:15:07","date_gmt":"2025-10-28T13:15:07","guid":{"rendered":"http:\/\/goepplmay.de\/?page_id=369"},"modified":"2025-10-28T14:35:11","modified_gmt":"2025-10-28T13:35:11","slug":"impressum","status":"publish","type":"page","link":"https:\/\/goepplmay.de\/index.php\/impressum\/","title":{"rendered":"Impressum"},"content":{"rendered":"\t\t<div data-elementor-type=\"wp-page\" data-elementor-id=\"369\" class=\"elementor elementor-369\">\n\t\t\t\t\t\t<section class=\"elementor-section elementor-top-section elementor-element elementor-element-cc4b128 elementor-section-boxed elementor-section-height-default elementor-section-height-default\" data-id=\"cc4b128\" data-element_type=\"section\" data-e-type=\"section\">\n\t\t\t\t\t\t<div class=\"elementor-container elementor-column-gap-default\">\n\t\t\t\t\t<div class=\"elementor-column elementor-col-100 elementor-top-column elementor-element elementor-element-84012f6\" data-id=\"84012f6\" data-element_type=\"column\" data-e-type=\"column\">\n\t\t\t<div class=\"elementor-widget-wrap elementor-element-populated\">\n\t\t\t\t\t\t<div class=\"elementor-element elementor-element-811fb99 elementor-widget elementor-widget-text-editor\" data-id=\"811fb99\" data-element_type=\"widget\" data-e-type=\"widget\" data-widget_type=\"text-editor.default\">\n\t\t\t\t<div class=\"elementor-widget-container\">\n\t\t\t\t\t\t\t\t\t<p class=\"MsoNormal\" style=\"text-align: left;\" align=\"center\"><strong>Impressum<\/strong><\/p><div class=\"ce_text bordergreen block\"><p>Anbieter:<br \/>g\u00f6pplmay GbR<br \/>Dortmunder Str. 57<br \/>51065 K\u00f6ln<\/p><p>Kontakt:<br \/>Telefon: +49 221 \/ 99 76 85 45 <br \/>E-Mail: info@goepplmay.de\u00a0<br \/>Website: goepplmay.de<\/p><p>Bei redaktionellen Inhalten:<\/p><p>Verantwortlich nach \u00a7 55 Abs.2 RStV<br \/>Christian G\u00f6ppl \/ Rene May<br \/>Dortmunder Str. 57<br \/>51065 K\u00f6ln<\/p><\/div>\t\t\t\t\t\t\t\t<\/div>\n\t\t\t\t<\/div>\n\t\t\t\t\t<\/div>\n\t\t<\/div>\n\t\t\t\t\t<\/div>\n\t\t<\/section>\n\t\t\t\t<\/div>\n\t\t","protected":false},"excerpt":{"rendered":"<p>Impressum Anbieter:g\u00f6pplmay GbRDortmunder Str. 5751065 K\u00f6ln Kontakt:Telefon: +49 221 \/ 99 76 85 45 E-Mail: info@goepplmay.de\u00a0Website: goepplmay.de Bei redaktionellen Inhalten: Verantwortlich nach \u00a7 55 Abs.2 RStVChristian G\u00f6ppl \/ Rene MayDortmunder Str. 5751065 K\u00f6ln<\/p>\n","protected":false},"author":2,"featured_media":0,"parent":0,"menu_order":0,"comment_status":"closed","ping_status":"closed","template":"","meta":{"ocean_post_layout":"","ocean_both_sidebars_style":"","ocean_both_sidebars_content_width":0,"ocean_both_sidebars_sidebars_width":0,"ocean_sidebar":"0","ocean_second_sidebar":"0","ocean_disable_margins":"enable","ocean_add_body_class":"","ocean_shortcode_before_top_bar":"","ocean_shortcode_after_top_bar":"","ocean_shortcode_before_header":"","ocean_shortcode_after_header":"","ocean_has_shortcode":"","ocean_shortcode_after_title":"","ocean_shortcode_before_footer_widgets":"","ocean_shortcode_after_footer_widgets":"","ocean_shortcode_before_footer_bottom":"","ocean_shortcode_after_footer_bottom":"","ocean_display_top_bar":"default","ocean_display_header":"default","ocean_header_style":"","ocean_center_header_left_menu":"0","ocean_custom_header_template":"0","ocean_custom_logo":0,"ocean_custom_retina_logo":0,"ocean_custom_logo_max_width":0,"ocean_custom_logo_tablet_max_width":0,"ocean_custom_logo_mobile_max_width":0,"ocean_custom_logo_max_height":0,"ocean_custom_logo_tablet_max_height":0,"ocean_custom_logo_mobile_max_height":0,"ocean_header_custom_menu":"0","ocean_menu_typo_font_family":"0","ocean_menu_typo_font_subset":"","ocean_menu_typo_font_size":0,"ocean_menu_typo_font_size_tablet":0,"ocean_menu_typo_font_size_mobile":0,"ocean_menu_typo_font_size_unit":"px","ocean_menu_typo_font_weight":"","ocean_menu_typo_font_weight_tablet":"","ocean_menu_typo_font_weight_mobile":"","ocean_menu_typo_transform":"","ocean_menu_typo_transform_tablet":"","ocean_menu_typo_transform_mobile":"","ocean_menu_typo_line_height":0,"ocean_menu_typo_line_height_tablet":0,"ocean_menu_typo_line_height_mobile":0,"ocean_menu_typo_line_height_unit":"","ocean_menu_typo_spacing":0,"ocean_menu_typo_spacing_tablet":0,"ocean_menu_typo_spacing_mobile":0,"ocean_menu_typo_spacing_unit":"","ocean_menu_link_color":"","ocean_menu_link_color_hover":"","ocean_menu_link_color_active":"","ocean_menu_link_background":"","ocean_menu_link_hover_background":"","ocean_menu_link_active_background":"","ocean_menu_social_links_bg":"","ocean_menu_social_hover_links_bg":"","ocean_menu_social_links_color":"","ocean_menu_social_hover_links_color":"","ocean_disable_title":"default","ocean_disable_heading":"default","ocean_post_title":"","ocean_post_subheading":"","ocean_post_title_style":"","ocean_post_title_background_color":"","ocean_post_title_background":0,"ocean_post_title_bg_image_position":"","ocean_post_title_bg_image_attachment":"","ocean_post_title_bg_image_repeat":"","ocean_post_title_bg_image_size":"","ocean_post_title_height":0,"ocean_post_title_bg_overlay":0.5,"ocean_post_title_bg_overlay_color":"","ocean_disable_breadcrumbs":"default","ocean_breadcrumbs_color":"","ocean_breadcrumbs_separator_color":"","ocean_breadcrumbs_links_color":"","ocean_breadcrumbs_links_hover_color":"","ocean_display_footer_widgets":"default","ocean_display_footer_bottom":"default","ocean_custom_footer_template":"0","footnotes":""},"class_list":["post-369","page","type-page","status-publish","hentry","entry"],"yoast_head":"<!-- This site is optimized with the Yoast SEO plugin v26.2 - https:\/\/yoast.com\/wordpress\/plugins\/seo\/ -->\n<title>Impressum - G\u00f6ppl &amp; May<\/title>\n<meta name=\"robots\" content=\"noindex, follow, max-snippet:-1, max-image-preview:large, max-video-preview:-1\" \/>\n<meta property=\"og:locale\" content=\"de_DE\" \/>\n<meta property=\"og:type\" content=\"article\" \/>\n<meta property=\"og:title\" content=\"Impressum - G\u00f6ppl &amp; May\" \/>\n<meta property=\"og:description\" content=\"Impressum Anbieter:g\u00f6pplmay GbRDortmunder Str. 5751065 K\u00f6ln Kontakt:Telefon: +49 221 \/ 99 76 85 45 E-Mail: info@goepplmay.de\u00a0Website: goepplmay.de Bei redaktionellen Inhalten: Verantwortlich nach \u00a7 55 Abs.2 RStVChristian G\u00f6ppl \/ Rene MayDortmunder Str. 5751065 K\u00f6ln\" \/>\n<meta property=\"og:url\" content=\"http:\/\/goepplmay.de\/index.php\/impressum\/\" \/>\n<meta property=\"og:site_name\" content=\"G\u00f6ppl &amp; May\" \/>\n<meta property=\"article:modified_time\" content=\"2025-10-28T13:35:11+00:00\" \/>\n<meta name=\"twitter:card\" content=\"summary_large_image\" \/>\n<script type=\"application\/ld+json\" class=\"yoast-schema-graph\">{\"@context\":\"https:\/\/schema.org\",\"@graph\":[{\"@type\":\"WebPage\",\"@id\":\"http:\/\/goepplmay.de\/index.php\/impressum\/\",\"url\":\"http:\/\/goepplmay.de\/index.php\/impressum\/\",\"name\":\"Impressum - G\u00f6ppl &amp; May\",\"isPartOf\":{\"@id\":\"http:\/\/goepplmay.de\/#website\"},\"datePublished\":\"2025-10-28T13:15:07+00:00\",\"dateModified\":\"2025-10-28T13:35:11+00:00\",\"breadcrumb\":{\"@id\":\"http:\/\/goepplmay.de\/index.php\/impressum\/#breadcrumb\"},\"inLanguage\":\"de\",\"potentialAction\":[{\"@type\":\"ReadAction\",\"target\":[\"http:\/\/goepplmay.de\/index.php\/impressum\/\"]}]},{\"@type\":\"BreadcrumbList\",\"@id\":\"http:\/\/goepplmay.de\/index.php\/impressum\/#breadcrumb\",\"itemListElement\":[{\"@type\":\"ListItem\",\"position\":1,\"name\":\"Startseite\",\"item\":\"http:\/\/goepplmay.de\/\"},{\"@type\":\"ListItem\",\"position\":2,\"name\":\"Impressum\"}]},{\"@type\":\"WebSite\",\"@id\":\"http:\/\/goepplmay.de\/#website\",\"url\":\"http:\/\/goepplmay.de\/\",\"name\":\"G\u00f6ppl &amp; May\",\"description\":\"\",\"publisher\":{\"@id\":\"http:\/\/goepplmay.de\/#organization\"},\"inLanguage\":\"de\"},{\"@type\":\"Organization\",\"@id\":\"http:\/\/goepplmay.de\/#organization\",\"name\":\"G\u00f6ppl &amp; May\",\"url\":\"http:\/\/goepplmay.de\/\",\"logo\":{\"@type\":\"ImageObject\",\"inLanguage\":\"de\",\"@id\":\"http:\/\/goepplmay.de\/#\/schema\/logo\/image\/\",\"url\":\"https:\/\/goepplmay.de\/wp-content\/uploads\/2020\/07\/cropped-Logo-ohne-1.png\",\"contentUrl\":\"https:\/\/goepplmay.de\/wp-content\/uploads\/2020\/07\/cropped-Logo-ohne-1.png\",\"width\":145,\"height\":46,\"caption\":\"G\u00f6ppl &amp; May\"},\"image\":{\"@id\":\"http:\/\/goepplmay.de\/#\/schema\/logo\/image\/\"}}]}<\/script>\n<!-- \/ Yoast SEO plugin. -->","yoast_head_json":{"title":"Impressum - G\u00f6ppl &amp; May","robots":{"index":"noindex","follow":"follow","max-snippet":"max-snippet:-1","max-image-preview":"max-image-preview:large","max-video-preview":"max-video-preview:-1"},"og_locale":"de_DE","og_type":"article","og_title":"Impressum - G\u00f6ppl &amp; May","og_description":"Impressum Anbieter:g\u00f6pplmay GbRDortmunder Str. 5751065 K\u00f6ln Kontakt:Telefon: +49 221 \/ 99 76 85 45 E-Mail: info@goepplmay.de\u00a0Website: goepplmay.de Bei redaktionellen Inhalten: Verantwortlich nach \u00a7 55 Abs.2 RStVChristian G\u00f6ppl \/ Rene MayDortmunder Str. 5751065 K\u00f6ln","og_url":"http:\/\/goepplmay.de\/index.php\/impressum\/","og_site_name":"G\u00f6ppl &amp; May","article_modified_time":"2025-10-28T13:35:11+00:00","twitter_card":"summary_large_image","schema":{"@context":"https:\/\/schema.org","@graph":[{"@type":"WebPage","@id":"http:\/\/goepplmay.de\/index.php\/impressum\/","url":"http:\/\/goepplmay.de\/index.php\/impressum\/","name":"Impressum - G\u00f6ppl &amp; May","isPartOf":{"@id":"http:\/\/goepplmay.de\/#website"},"datePublished":"2025-10-28T13:15:07+00:00","dateModified":"2025-10-28T13:35:11+00:00","breadcrumb":{"@id":"http:\/\/goepplmay.de\/index.php\/impressum\/#breadcrumb"},"inLanguage":"de","potentialAction":[{"@type":"ReadAction","target":["http:\/\/goepplmay.de\/index.php\/impressum\/"]}]},{"@type":"BreadcrumbList","@id":"http:\/\/goepplmay.de\/index.php\/impressum\/#breadcrumb","itemListElement":[{"@type":"ListItem","position":1,"name":"Startseite","item":"http:\/\/goepplmay.de\/"},{"@type":"ListItem","position":2,"name":"Impressum"}]},{"@type":"WebSite","@id":"http:\/\/goepplmay.de\/#website","url":"http:\/\/goepplmay.de\/","name":"G\u00f6ppl &amp; May","description":"","publisher":{"@id":"http:\/\/goepplmay.de\/#organization"},"inLanguage":"de"},{"@type":"Organization","@id":"http:\/\/goepplmay.de\/#organization","name":"G\u00f6ppl &amp; May","url":"http:\/\/goepplmay.de\/","logo":{"@type":"ImageObject","inLanguage":"de","@id":"http:\/\/goepplmay.de\/#\/schema\/logo\/image\/","url":"https:\/\/goepplmay.de\/wp-content\/uploads\/2020\/07\/cropped-Logo-ohne-1.png","contentUrl":"https:\/\/goepplmay.de\/wp-content\/uploads\/2020\/07\/cropped-Logo-ohne-1.png","width":145,"height":46,"caption":"G\u00f6ppl &amp; May"},"image":{"@id":"http:\/\/goepplmay.de\/#\/schema\/logo\/image\/"}}]}},"_links":{"self":[{"href":"https:\/\/goepplmay.de\/index.php\/wp-json\/wp\/v2\/pages\/369","targetHints":{"allow":["GET"]}}],"collection":[{"href":"https:\/\/goepplmay.de\/index.php\/wp-json\/wp\/v2\/pages"}],"about":[{"href":"https:\/\/goepplmay.de\/index.php\/wp-json\/wp\/v2\/types\/page"}],"author":[{"embeddable":true,"href":"https:\/\/goepplmay.de\/index.php\/wp-json\/wp\/v2\/users\/2"}],"replies":[{"embeddable":true,"href":"https:\/\/goepplmay.de\/index.php\/wp-json\/wp\/v2\/comments?post=369"}],"version-history":[{"count":10,"href":"https:\/\/goepplmay.de\/index.php\/wp-json\/wp\/v2\/pages\/369\/revisions"}],"predecessor-version":[{"id":382,"href":"https:\/\/goepplmay.de\/index.php\/wp-json\/wp\/v2\/pages\/369\/revisions\/382"}],"wp:attachment":[{"href":"https:\/\/goepplmay.de\/index.php\/wp-json\/wp\/v2\/media?parent=369"}],"curies":[{"name":"wp","href":"https:\/\/api.w.org\/{rel}","templated":true}]}}