{"id":28,"date":"2020-07-02T06:18:58","date_gmt":"2020-07-02T06:18:58","guid":{"rendered":"http:\/\/goepplmay.de\/?page_id=28"},"modified":"2022-08-29T14:34:06","modified_gmt":"2022-08-29T14:34:06","slug":"leistungen","status":"publish","type":"page","link":"https:\/\/goepplmay.de\/index.php\/leistungen\/","title":{"rendered":"Leistungen"},"content":{"rendered":"\t\t<div data-elementor-type=\"wp-page\" data-elementor-id=\"28\" class=\"elementor elementor-28\">\n\t\t\t\t\t\t<section class=\"elementor-section elementor-top-section elementor-element elementor-element-cc4b128 elementor-section-boxed elementor-section-height-default elementor-section-height-default\" data-id=\"cc4b128\" data-element_type=\"section\" data-e-type=\"section\">\n\t\t\t\t\t\t<div class=\"elementor-container elementor-column-gap-default\">\n\t\t\t\t\t<div class=\"elementor-column elementor-col-100 elementor-top-column elementor-element elementor-element-84012f6\" data-id=\"84012f6\" data-element_type=\"column\" data-e-type=\"column\">\n\t\t\t<div class=\"elementor-widget-wrap elementor-element-populated\">\n\t\t\t\t\t\t<div class=\"elementor-element elementor-element-811fb99 elementor-widget elementor-widget-text-editor\" data-id=\"811fb99\" data-element_type=\"widget\" data-e-type=\"widget\" data-widget_type=\"text-editor.default\">\n\t\t\t\t<div class=\"elementor-widget-container\">\n\t\t\t\t\t\t\t\t\t<p class=\"MsoNormal\" style=\"text-align: center;\" align=\"center\"><span style=\"font-size: 10.0pt; line-height: 107%; font-family: 'Trajan Pro',serif;\">Von der Sanierung bis zum Neubau; wir begleiten Ihr Projekt:<br \/><!-- [if !supportLineBreakNewLine]--><br \/><!--[endif]--><\/span><\/p><p class=\"MsoNormal\" style=\"text-align: center;\" align=\"center\"><span style=\"font-size: 8.0pt; line-height: 107%; font-family: 'Trajan Pro',serif;\">Gartenplanung und Gartengestaltung<br \/><\/span><span style=\"font-size: 8.0pt; line-height: 107%; font-family: 'Trajan Pro',serif;\">Terrassen in Holz und Stein<br \/><\/span><span style=\"font-size: 8.0pt; line-height: 107%; font-family: 'Trajan Pro',serif;\">Pflasterarbeiten<br \/><\/span><span style=\"font-size: 8.0pt; line-height: 107%; font-family: 'Trajan Pro',serif;\">Beton- und Maurerarbeiten <br \/><\/span><span style=\"font-size: 8.0pt; line-height: 107%; font-family: 'Trajan Pro',serif;\">Trockenbau und Ausbau<br \/><\/span><span style=\"font-size: 8.0pt; line-height: 107%; font-family: 'Trajan Pro',serif;\">Fliesen- und Bodenbelagsarbeiten<br \/><\/span><span style=\"font-size: 8.0pt; line-height: 107%; font-family: 'Trajan Pro',serif;\">B\u00e4der und K\u00fcchen<br \/><\/span><span style=\"font-size: 8.0pt; line-height: 107%; font-family: 'Trajan Pro',serif;\">Elektrovorarbeiten<br \/><\/span><span style=\"font-size: 8.0pt; line-height: 107%; font-family: 'Trajan Pro',serif;\">Fenster und T\u00fcren<br \/><\/span><span style=\"font-size: 8.0pt; line-height: 107%; font-family: 'Trajan Pro',serif;\">Putz- Tapezier- und Malerarbeiten<\/span><\/p><p class=\"MsoNormal\" style=\"text-align: center;\" align=\"center\"><span style=\"font-size: 10.0pt; line-height: 107%; font-family: 'Trajan Pro',serif;\">Wir freuen uns auf Ihr Projekt \u2013 Kontaktieren Sie uns!<\/span><\/p>\t\t\t\t\t\t\t\t<\/div>\n\t\t\t\t<\/div>\n\t\t\t\t\t<\/div>\n\t\t<\/div>\n\t\t\t\t\t<\/div>\n\t\t<\/section>\n\t\t\t\t<\/div>\n\t\t","protected":false},"excerpt":{"rendered":"<p>Von der Sanierung bis zum Neubau; wir begleiten Ihr Projekt: Gartenplanung und GartengestaltungTerrassen in Holz und SteinPflasterarbeitenBeton- und Maurerarbeiten Trockenbau und AusbauFliesen- und BodenbelagsarbeitenB\u00e4der und K\u00fcchenElektrovorarbeitenFenster und T\u00fcrenPutz- Tapezier- und Malerarbeiten Wir freuen uns auf Ihr Projekt \u2013 Kontaktieren Sie uns!<\/p>\n","protected":false},"author":1,"featured_media":0,"parent":0,"menu_order":0,"comment_status":"closed","ping_status":"closed","template":"","meta":{"ocean_post_layout":"","ocean_both_sidebars_style":"","ocean_both_sidebars_content_width":0,"ocean_both_sidebars_sidebars_width":0,"ocean_sidebar":"0","ocean_second_sidebar":"0","ocean_disable_margins":"enable","ocean_add_body_class":"","ocean_shortcode_before_top_bar":"","ocean_shortcode_after_top_bar":"","ocean_shortcode_before_header":"","ocean_shortcode_after_header":"","ocean_has_shortcode":"","ocean_shortcode_after_title":"","ocean_shortcode_before_footer_widgets":"","ocean_shortcode_after_footer_widgets":"","ocean_shortcode_before_footer_bottom":"","ocean_shortcode_after_footer_bottom":"","ocean_display_top_bar":"default","ocean_display_header":"default","ocean_header_style":"","ocean_center_header_left_menu":"0","ocean_custom_header_template":"0","ocean_custom_logo":0,"ocean_custom_retina_logo":0,"ocean_custom_logo_max_width":0,"ocean_custom_logo_tablet_max_width":0,"ocean_custom_logo_mobile_max_width":0,"ocean_custom_logo_max_height":0,"ocean_custom_logo_tablet_max_height":0,"ocean_custom_logo_mobile_max_height":0,"ocean_header_custom_menu":"0","ocean_menu_typo_font_family":"0","ocean_menu_typo_font_subset":"","ocean_menu_typo_font_size":0,"ocean_menu_typo_font_size_tablet":0,"ocean_menu_typo_font_size_mobile":0,"ocean_menu_typo_font_size_unit":"px","ocean_menu_typo_font_weight":"","ocean_menu_typo_font_weight_tablet":"","ocean_menu_typo_font_weight_mobile":"","ocean_menu_typo_transform":"","ocean_menu_typo_transform_tablet":"","ocean_menu_typo_transform_mobile":"","ocean_menu_typo_line_height":0,"ocean_menu_typo_line_height_tablet":0,"ocean_menu_typo_line_height_mobile":0,"ocean_menu_typo_line_height_unit":"","ocean_menu_typo_spacing":0,"ocean_menu_typo_spacing_tablet":0,"ocean_menu_typo_spacing_mobile":0,"ocean_menu_typo_spacing_unit":"","ocean_menu_link_color":"","ocean_menu_link_color_hover":"","ocean_menu_link_color_active":"","ocean_menu_link_background":"","ocean_menu_link_hover_background":"","ocean_menu_link_active_background":"","ocean_menu_social_links_bg":"","ocean_menu_social_hover_links_bg":"","ocean_menu_social_links_color":"","ocean_menu_social_hover_links_color":"","ocean_disable_title":"default","ocean_disable_heading":"default","ocean_post_title":"","ocean_post_subheading":"","ocean_post_title_style":"","ocean_post_title_background_color":"","ocean_post_title_background":0,"ocean_post_title_bg_image_position":"","ocean_post_title_bg_image_attachment":"","ocean_post_title_bg_image_repeat":"","ocean_post_title_bg_image_size":"","ocean_post_title_height":0,"ocean_post_title_bg_overlay":0.5,"ocean_post_title_bg_overlay_color":"","ocean_disable_breadcrumbs":"default","ocean_breadcrumbs_color":"","ocean_breadcrumbs_separator_color":"","ocean_breadcrumbs_links_color":"","ocean_breadcrumbs_links_hover_color":"","ocean_display_footer_widgets":"default","ocean_display_footer_bottom":"default","ocean_custom_footer_template":"0","footnotes":""},"class_list":["post-28","page","type-page","status-publish","hentry","entry"],"yoast_head":"<!-- This site is optimized with the Yoast SEO plugin v26.2 - https:\/\/yoast.com\/wordpress\/plugins\/seo\/ -->\n<title>Leistungen - G\u00f6ppl &amp; May<\/title>\n<meta name=\"robots\" content=\"noindex, follow, max-snippet:-1, max-image-preview:large, max-video-preview:-1\" \/>\n<meta property=\"og:locale\" content=\"de_DE\" \/>\n<meta property=\"og:type\" content=\"article\" \/>\n<meta property=\"og:title\" content=\"Leistungen - G\u00f6ppl &amp; May\" \/>\n<meta property=\"og:description\" content=\"Von der Sanierung bis zum Neubau; wir begleiten Ihr Projekt: Gartenplanung und GartengestaltungTerrassen in Holz und SteinPflasterarbeitenBeton- und Maurerarbeiten Trockenbau und AusbauFliesen- und BodenbelagsarbeitenB\u00e4der und K\u00fcchenElektrovorarbeitenFenster und T\u00fcrenPutz- Tapezier- und Malerarbeiten Wir freuen uns auf Ihr Projekt \u2013 Kontaktieren Sie uns!\" \/>\n<meta property=\"og:url\" content=\"https:\/\/goepplmay.de\/index.php\/leistungen\/\" \/>\n<meta property=\"og:site_name\" content=\"G\u00f6ppl &amp; May\" \/>\n<meta property=\"article:modified_time\" content=\"2022-08-29T14:34:06+00:00\" \/>\n<meta name=\"twitter:card\" content=\"summary_large_image\" \/>\n<script type=\"application\/ld+json\" class=\"yoast-schema-graph\">{\"@context\":\"https:\/\/schema.org\",\"@graph\":[{\"@type\":\"WebPage\",\"@id\":\"https:\/\/goepplmay.de\/index.php\/leistungen\/\",\"url\":\"https:\/\/goepplmay.de\/index.php\/leistungen\/\",\"name\":\"Leistungen - G\u00f6ppl &amp; May\",\"isPartOf\":{\"@id\":\"http:\/\/goepplmay.de\/#website\"},\"datePublished\":\"2020-07-02T06:18:58+00:00\",\"dateModified\":\"2022-08-29T14:34:06+00:00\",\"breadcrumb\":{\"@id\":\"https:\/\/goepplmay.de\/index.php\/leistungen\/#breadcrumb\"},\"inLanguage\":\"de\",\"potentialAction\":[{\"@type\":\"ReadAction\",\"target\":[\"https:\/\/goepplmay.de\/index.php\/leistungen\/\"]}]},{\"@type\":\"BreadcrumbList\",\"@id\":\"https:\/\/goepplmay.de\/index.php\/leistungen\/#breadcrumb\",\"itemListElement\":[{\"@type\":\"ListItem\",\"position\":1,\"name\":\"Startseite\",\"item\":\"http:\/\/goepplmay.de\/\"},{\"@type\":\"ListItem\",\"position\":2,\"name\":\"Leistungen\"}]},{\"@type\":\"WebSite\",\"@id\":\"http:\/\/goepplmay.de\/#website\",\"url\":\"http:\/\/goepplmay.de\/\",\"name\":\"G\u00f6ppl &amp; May\",\"description\":\"\",\"publisher\":{\"@id\":\"http:\/\/goepplmay.de\/#organization\"},\"inLanguage\":\"de\"},{\"@type\":\"Organization\",\"@id\":\"http:\/\/goepplmay.de\/#organization\",\"name\":\"G\u00f6ppl &amp; May\",\"url\":\"http:\/\/goepplmay.de\/\",\"logo\":{\"@type\":\"ImageObject\",\"inLanguage\":\"de\",\"@id\":\"http:\/\/goepplmay.de\/#\/schema\/logo\/image\/\",\"url\":\"https:\/\/goepplmay.de\/wp-content\/uploads\/2020\/07\/cropped-Logo-ohne-1.png\",\"contentUrl\":\"https:\/\/goepplmay.de\/wp-content\/uploads\/2020\/07\/cropped-Logo-ohne-1.png\",\"width\":145,\"height\":46,\"caption\":\"G\u00f6ppl &amp; May\"},\"image\":{\"@id\":\"http:\/\/goepplmay.de\/#\/schema\/logo\/image\/\"}}]}<\/script>\n<!-- \/ Yoast SEO plugin. -->","yoast_head_json":{"title":"Leistungen - G\u00f6ppl &amp; May","robots":{"index":"noindex","follow":"follow","max-snippet":"max-snippet:-1","max-image-preview":"max-image-preview:large","max-video-preview":"max-video-preview:-1"},"og_locale":"de_DE","og_type":"article","og_title":"Leistungen - G\u00f6ppl &amp; May","og_description":"Von der Sanierung bis zum Neubau; wir begleiten Ihr Projekt: Gartenplanung und GartengestaltungTerrassen in Holz und SteinPflasterarbeitenBeton- und Maurerarbeiten Trockenbau und AusbauFliesen- und BodenbelagsarbeitenB\u00e4der und K\u00fcchenElektrovorarbeitenFenster und T\u00fcrenPutz- Tapezier- und Malerarbeiten Wir freuen uns auf Ihr Projekt \u2013 Kontaktieren Sie uns!","og_url":"https:\/\/goepplmay.de\/index.php\/leistungen\/","og_site_name":"G\u00f6ppl &amp; May","article_modified_time":"2022-08-29T14:34:06+00:00","twitter_card":"summary_large_image","schema":{"@context":"https:\/\/schema.org","@graph":[{"@type":"WebPage","@id":"https:\/\/goepplmay.de\/index.php\/leistungen\/","url":"https:\/\/goepplmay.de\/index.php\/leistungen\/","name":"Leistungen - G\u00f6ppl &amp; May","isPartOf":{"@id":"http:\/\/goepplmay.de\/#website"},"datePublished":"2020-07-02T06:18:58+00:00","dateModified":"2022-08-29T14:34:06+00:00","breadcrumb":{"@id":"https:\/\/goepplmay.de\/index.php\/leistungen\/#breadcrumb"},"inLanguage":"de","potentialAction":[{"@type":"ReadAction","target":["https:\/\/goepplmay.de\/index.php\/leistungen\/"]}]},{"@type":"BreadcrumbList","@id":"https:\/\/goepplmay.de\/index.php\/leistungen\/#breadcrumb","itemListElement":[{"@type":"ListItem","position":1,"name":"Startseite","item":"http:\/\/goepplmay.de\/"},{"@type":"ListItem","position":2,"name":"Leistungen"}]},{"@type":"WebSite","@id":"http:\/\/goepplmay.de\/#website","url":"http:\/\/goepplmay.de\/","name":"G\u00f6ppl &amp; May","description":"","publisher":{"@id":"http:\/\/goepplmay.de\/#organization"},"inLanguage":"de"},{"@type":"Organization","@id":"http:\/\/goepplmay.de\/#organization","name":"G\u00f6ppl &amp; May","url":"http:\/\/goepplmay.de\/","logo":{"@type":"ImageObject","inLanguage":"de","@id":"http:\/\/goepplmay.de\/#\/schema\/logo\/image\/","url":"https:\/\/goepplmay.de\/wp-content\/uploads\/2020\/07\/cropped-Logo-ohne-1.png","contentUrl":"https:\/\/goepplmay.de\/wp-content\/uploads\/2020\/07\/cropped-Logo-ohne-1.png","width":145,"height":46,"caption":"G\u00f6ppl &amp; May"},"image":{"@id":"http:\/\/goepplmay.de\/#\/schema\/logo\/image\/"}}]}},"_links":{"self":[{"href":"https:\/\/goepplmay.de\/index.php\/wp-json\/wp\/v2\/pages\/28","targetHints":{"allow":["GET"]}}],"collection":[{"href":"https:\/\/goepplmay.de\/index.php\/wp-json\/wp\/v2\/pages"}],"about":[{"href":"https:\/\/goepplmay.de\/index.php\/wp-json\/wp\/v2\/types\/page"}],"author":[{"embeddable":true,"href":"https:\/\/goepplmay.de\/index.php\/wp-json\/wp\/v2\/users\/1"}],"replies":[{"embeddable":true,"href":"https:\/\/goepplmay.de\/index.php\/wp-json\/wp\/v2\/comments?post=28"}],"version-history":[{"count":10,"href":"https:\/\/goepplmay.de\/index.php\/wp-json\/wp\/v2\/pages\/28\/revisions"}],"predecessor-version":[{"id":227,"href":"https:\/\/goepplmay.de\/index.php\/wp-json\/wp\/v2\/pages\/28\/revisions\/227"}],"wp:attachment":[{"href":"https:\/\/goepplmay.de\/index.php\/wp-json\/wp\/v2\/media?parent=28"}],"curies":[{"name":"wp","href":"https:\/\/api.w.org\/{rel}","templated":true}]}}